{"id":15,"date":"2018-10-13T06:40:09","date_gmt":"2018-10-13T06:40:09","guid":{"rendered":"https:\/\/jupiterx.artbees.net\/summanus\/?page_id=15"},"modified":"2024-10-05T17:21:14","modified_gmt":"2024-10-05T17:21:14","slug":"contact-us","status":"publish","type":"page","link":"https:\/\/vitologymedspas.com\/pt\/contact-us\/","title":{"rendered":"Contate-nos"},"content":{"rendered":"<div data-elementor-type=\"wp-post\" data-elementor-id=\"15\" class=\"elementor elementor-15\" data-elementor-post-type=\"page\">\n\t\t\t\t\t\t<section class=\"elementor-section elementor-top-section elementor-element elementor-element-425d1c6 elementor-section-content-middle elementor-section-boxed elementor-section-height-default elementor-section-height-default\" data-id=\"425d1c6\" data-element_type=\"section\" data-e-type=\"section\" data-settings=\"{&quot;background_background&quot;:&quot;classic&quot;,&quot;jet_parallax_layout_list&quot;:[]}\">\n\t\t\t\t\t\t\t<div class=\"elementor-background-overlay\"><\/div>\n\t\t\t\t\t\t\t<div class=\"elementor-container elementor-column-gap-default\">\n\t\t\t\t\t<div class=\"elementor-column elementor-col-100 elementor-top-column elementor-element elementor-element-2df9604\" data-id=\"2df9604\" data-element_type=\"column\" data-e-type=\"column\">\n\t\t\t<div class=\"elementor-widget-wrap elementor-element-populated\">\n\t\t\t\t\t\t<div class=\"elementor-element elementor-element-fcc1752 elementor-widget elementor-widget-heading\" data-id=\"fcc1752\" data-element_type=\"widget\" data-e-type=\"widget\" data-widget_type=\"heading.default\">\n\t\t\t\t<div class=\"elementor-widget-container\">\n\t\t\t\t\t<h2 class=\"elementor-heading-title elementor-size-default\">Contate-nos<\/h2>\t\t\t\t<\/div>\n\t\t\t\t<\/div>\n\t\t\t\t\t<\/div>\n\t\t<\/div>\n\t\t\t\t\t<\/div>\n\t\t<\/section>\n\t\t\t\t<section class=\"elementor-section elementor-top-section elementor-element elementor-element-6a33ff elementor-section-boxed elementor-section-height-default elementor-section-height-default\" data-id=\"6a33ff\" data-element_type=\"section\" data-e-type=\"section\" data-settings=\"{&quot;jet_parallax_layout_list&quot;:[]}\">\n\t\t\t\t\t\t<div class=\"elementor-container elementor-column-gap-default\">\n\t\t\t\t\t\t<\/div>\n\t\t<\/section>\n\t\t\t\t<section class=\"elementor-section elementor-top-section elementor-element elementor-element-57f92bd elementor-section-content-middle elementor-reverse-tablet elementor-reverse-mobile elementor-section-boxed elementor-section-height-default elementor-section-height-default\" data-id=\"57f92bd\" data-element_type=\"section\" data-e-type=\"section\" data-settings=\"{&quot;background_background&quot;:&quot;classic&quot;,&quot;jet_parallax_layout_list&quot;:[]}\">\n\t\t\t\t\t\t\t<div class=\"elementor-background-overlay\"><\/div>\n\t\t\t\t\t\t\t<div class=\"elementor-container elementor-column-gap-default\">\n\t\t\t\t\t<div class=\"elementor-column elementor-col-50 elementor-top-column elementor-element elementor-element-89ffe30\" data-id=\"89ffe30\" data-element_type=\"column\" data-e-type=\"column\" data-settings=\"{&quot;background_background&quot;:&quot;classic&quot;}\">\n\t\t\t<div class=\"elementor-widget-wrap elementor-element-populated\">\n\t\t\t\t\t\t<div class=\"elementor-element elementor-element-52baaa1 elementor-hidden-tablet elementor-hidden-mobile elementor-widget elementor-widget-image\" data-id=\"52baaa1\" data-element_type=\"widget\" data-e-type=\"widget\" data-widget_type=\"image.default\">\n\t\t\t\t<div class=\"elementor-widget-container\">\n\t\t\t\t\t\t\t\t\t\t\t\t\t\t\t<img fetchpriority=\"high\" decoding=\"async\" width=\"668\" height=\"407\" src=\"https:\/\/vitologymedspas.com\/wp-content\/uploads\/2023\/06\/6411497f807f1537dc6b4444_logo_vitology.svg\" class=\"attachment-large size-large wp-image-417\" alt=\"\" \/>\t\t\t\t\t\t\t\t\t\t\t\t\t\t\t<\/div>\n\t\t\t\t<\/div>\n\t\t\t\t<div class=\"elementor-element elementor-element-61b36b7 elementor-widget elementor-widget-heading\" data-id=\"61b36b7\" data-element_type=\"widget\" data-e-type=\"widget\" data-widget_type=\"heading.default\">\n\t\t\t\t<div class=\"elementor-widget-container\">\n\t\t\t\t\t<h2 class=\"elementor-heading-title elementor-size-default\">Entrar em contato<\/h2>\t\t\t\t<\/div>\n\t\t\t\t<\/div>\n\t\t\t\t<div class=\"elementor-element elementor-element-8498096 elementor-widget elementor-widget-text-editor\" data-id=\"8498096\" data-element_type=\"widget\" data-e-type=\"widget\" data-widget_type=\"text-editor.default\">\n\t\t\t\t<div class=\"elementor-widget-container\">\n\t\t\t\t\t\t\t\t\tO foco da Vitology MedSpa \u00e9 conseguir transformar a sua beleza natural em algo fant\u00e1stico e com as compet\u00eancias, conhecimentos e experi\u00eancia que a equipa da Vitology possui.\n\n\t\t\t\t\t\t\t\t<\/div>\n\t\t\t\t<\/div>\n\t\t\t\t<div class=\"elementor-element elementor-element-cbc3245 jkit-equal-height-disable elementor-widget elementor-widget-jkit_icon_box\" data-id=\"cbc3245\" data-element_type=\"widget\" data-e-type=\"widget\" data-widget_type=\"jkit_icon_box.default\">\n\t\t\t\t<div class=\"elementor-widget-container\">\n\t\t\t\t\t<div  class=\"jeg-elementor-kit jkit-icon-box icon-position-left elementor-animation-float jeg_module___69eb2c9215e4c\" ><div class=\"jkit-icon-box-wrapper hover-from-left\"><div class=\"icon-box icon-box-header elementor-animation-\"><div class=\"icon style-gradient\"><i aria-hidden=\"true\" class=\"jki jki-envelope3-light\"><\/i><\/div><\/div><div class=\"icon-box icon-box-body\">\n                <h2 class=\"title\">Envia-nos um email<\/h2><p class=\"icon-box-description\">Info@vitologymedspas.com\n<\/p>\n            <\/div>\n            \n            <\/div><\/div>\t\t\t\t<\/div>\n\t\t\t\t<\/div>\n\t\t\t\t<div class=\"elementor-element elementor-element-5d54202 jkit-equal-height-disable elementor-widget elementor-widget-jkit_icon_box\" data-id=\"5d54202\" data-element_type=\"widget\" data-e-type=\"widget\" data-widget_type=\"jkit_icon_box.default\">\n\t\t\t\t<div class=\"elementor-widget-container\">\n\t\t\t\t\t<div  class=\"jeg-elementor-kit jkit-icon-box icon-position-left elementor-animation-float jeg_module__1_69eb2c9216b8f\" ><a href=\"tel:321-321-5258\" class=\"icon-box-link\" aria-label=\"Saber mais\"><div class=\"jkit-icon-box-wrapper hover-from-left\"><div class=\"icon-box icon-box-header elementor-animation-\"><div class=\"icon style-gradient\"><i aria-hidden=\"true\" class=\"jki jki-phone-call2-light\"><\/i><\/div><\/div><div class=\"icon-box icon-box-body\">\n                <h2 class=\"title\">Telefone<\/h2><p class=\"icon-box-description\">321-321-5258\n<\/p>\n            <\/div>\n            \n            <\/div><\/a><\/div>\t\t\t\t<\/div>\n\t\t\t\t<\/div>\n\t\t\t\t<div class=\"elementor-element elementor-element-9cc89c1 jkit-equal-height-disable elementor-widget elementor-widget-jkit_icon_box\" data-id=\"9cc89c1\" data-element_type=\"widget\" data-e-type=\"widget\" data-widget_type=\"jkit_icon_box.default\">\n\t\t\t\t<div class=\"elementor-widget-container\">\n\t\t\t\t\t<div  class=\"jeg-elementor-kit jkit-icon-box icon-position-left elementor-animation-float jeg_module__2_69eb2c92179ef\" ><a href=\"https:\/\/www.google.com\/maps\/place\/Vitology+MedSpa\/@28.4494043,-81.4786163,17z\/data=!3m1!5s0x88e77fa974d9d9bd:0xef1f178d2f311a98!4m15!1m8!3m7!1s0x88e77fa974bfffff:0x6d3fa1490055cdeb!2s7208+W+Sand+Lake+Rd+suite+302,+Orlando,+FL+32819!3b1!8m2!3d28.4494043!4d-81.4786163!16s%2Fg%2F11sdpzq5cz!3m5!1s0x88e77ffef04e6389:0x475555eee192f61b!8m2!3d28.4494043!4d-81.4786163!16s%2Fg%2F11sdn5h8qb?entry=ttu&#038;g_ep=EgoyMDI0MTAwMi4xIKXMDSoASAFQAw%3D%3D\" class=\"icon-box-link\" aria-label=\"Saber mais\"><div class=\"jkit-icon-box-wrapper hover-from-left\"><div class=\"icon-box icon-box-header elementor-animation-\"><div class=\"icon style-gradient\"><i aria-hidden=\"true\" class=\"jki jki-map-marker1-light\"><\/i><\/div><\/div><div class=\"icon-box icon-box-body\">\n                <h2 class=\"title\">Endere\u00e7o<\/h2><p class=\"icon-box-description\">7208 W Sand Lake Rd su\u00edte 302, Orlando, FL 32819<\/p>\n            <\/div>\n            \n            <\/div><\/a><\/div>\t\t\t\t<\/div>\n\t\t\t\t<\/div>\n\t\t\t\t<div class=\"elementor-element elementor-element-8f93409 elementor-widget elementor-widget-heading\" data-id=\"8f93409\" data-element_type=\"widget\" data-e-type=\"widget\" data-widget_type=\"heading.default\">\n\t\t\t\t<div class=\"elementor-widget-container\">\n\t\t\t\t\t<h4 class=\"elementor-heading-title elementor-size-default\">Hor\u00e1rio de funcionamento<\/h4>\t\t\t\t<\/div>\n\t\t\t\t<\/div>\n\t\t\t\t<section class=\"elementor-section elementor-inner-section elementor-element elementor-element-f62433c elementor-section-content-middle elementor-section-boxed elementor-section-height-default elementor-section-height-default\" data-id=\"f62433c\" data-element_type=\"section\" data-e-type=\"section\" data-settings=\"{&quot;jet_parallax_layout_list&quot;:[]}\">\n\t\t\t\t\t\t<div class=\"elementor-container elementor-column-gap-no\">\n\t\t\t\t\t<div class=\"elementor-column elementor-col-50 elementor-inner-column elementor-element elementor-element-c0625f7\" data-id=\"c0625f7\" data-element_type=\"column\" data-e-type=\"column\">\n\t\t\t<div class=\"elementor-widget-wrap elementor-element-populated\">\n\t\t\t\t\t\t<div class=\"elementor-element elementor-element-5d08e0d elementor-widget elementor-widget-heading\" data-id=\"5d08e0d\" data-element_type=\"widget\" data-e-type=\"widget\" data-widget_type=\"heading.default\">\n\t\t\t\t<div class=\"elementor-widget-container\">\n\t\t\t\t\t<span class=\"elementor-heading-title elementor-size-default\">Segunda sabado <\/span>\t\t\t\t<\/div>\n\t\t\t\t<\/div>\n\t\t\t\t\t<\/div>\n\t\t<\/div>\n\t\t\t\t<div class=\"elementor-column elementor-col-50 elementor-inner-column elementor-element elementor-element-2df4ab6\" data-id=\"2df4ab6\" data-element_type=\"column\" data-e-type=\"column\">\n\t\t\t<div class=\"elementor-widget-wrap elementor-element-populated\">\n\t\t\t\t\t\t<div class=\"elementor-element elementor-element-f65a5b0 elementor-icon-list--layout-inline elementor-align-end elementor-list-item-link-full_width elementor-widget elementor-widget-icon-list\" data-id=\"f65a5b0\" data-element_type=\"widget\" data-e-type=\"widget\" data-widget_type=\"icon-list.default\">\n\t\t\t\t<div class=\"elementor-widget-container\">\n\t\t\t\t\t\t\t<ul class=\"elementor-icon-list-items elementor-inline-items\">\n\t\t\t\t\t\t\t<li class=\"elementor-icon-list-item elementor-inline-item\">\n\t\t\t\t\t\t\t\t\t\t\t<span class=\"elementor-icon-list-icon\">\n\t\t\t\t\t\t\t<i aria-hidden=\"true\" class=\"far fa-clock\"><\/i>\t\t\t\t\t\t<\/span>\n\t\t\t\t\t\t\t\t\t\t<span class=\"elementor-icon-list-text\">10h00 - 19h00<\/span>\n\t\t\t\t\t\t\t\t\t<\/li>\n\t\t\t\t\t\t<\/ul>\n\t\t\t\t\t\t<\/div>\n\t\t\t\t<\/div>\n\t\t\t\t\t<\/div>\n\t\t<\/div>\n\t\t\t\t\t<\/div>\n\t\t<\/section>\n\t\t\t\t<section class=\"elementor-section elementor-inner-section elementor-element elementor-element-29f405e elementor-section-content-middle elementor-section-boxed elementor-section-height-default elementor-section-height-default\" data-id=\"29f405e\" data-element_type=\"section\" data-e-type=\"section\" data-settings=\"{&quot;jet_parallax_layout_list&quot;:[]}\">\n\t\t\t\t\t\t<div class=\"elementor-container elementor-column-gap-no\">\n\t\t\t\t\t<div class=\"elementor-column elementor-col-50 elementor-inner-column elementor-element elementor-element-deee0c0\" data-id=\"deee0c0\" data-element_type=\"column\" data-e-type=\"column\">\n\t\t\t<div class=\"elementor-widget-wrap elementor-element-populated\">\n\t\t\t\t\t\t<div class=\"elementor-element elementor-element-2595c1a elementor-widget elementor-widget-heading\" data-id=\"2595c1a\" data-element_type=\"widget\" data-e-type=\"widget\" data-widget_type=\"heading.default\">\n\t\t\t\t<div class=\"elementor-widget-container\">\n\t\t\t\t\t<span class=\"elementor-heading-title elementor-size-default\">Domingo<\/span>\t\t\t\t<\/div>\n\t\t\t\t<\/div>\n\t\t\t\t\t<\/div>\n\t\t<\/div>\n\t\t\t\t<div class=\"elementor-column elementor-col-50 elementor-inner-column elementor-element elementor-element-eb2dc22\" data-id=\"eb2dc22\" data-element_type=\"column\" data-e-type=\"column\">\n\t\t\t<div class=\"elementor-widget-wrap elementor-element-populated\">\n\t\t\t\t\t\t<div class=\"elementor-element elementor-element-1154a5b elementor-icon-list--layout-inline elementor-align-end elementor-list-item-link-full_width elementor-widget elementor-widget-icon-list\" data-id=\"1154a5b\" data-element_type=\"widget\" data-e-type=\"widget\" data-widget_type=\"icon-list.default\">\n\t\t\t\t<div class=\"elementor-widget-container\">\n\t\t\t\t\t\t\t<ul class=\"elementor-icon-list-items elementor-inline-items\">\n\t\t\t\t\t\t\t<li class=\"elementor-icon-list-item elementor-inline-item\">\n\t\t\t\t\t\t\t\t\t\t\t<span class=\"elementor-icon-list-icon\">\n\t\t\t\t\t\t\t<i aria-hidden=\"true\" class=\"far fa-clock\"><\/i>\t\t\t\t\t\t<\/span>\n\t\t\t\t\t\t\t\t\t\t<span class=\"elementor-icon-list-text\">Fechado<\/span>\n\t\t\t\t\t\t\t\t\t<\/li>\n\t\t\t\t\t\t<\/ul>\n\t\t\t\t\t\t<\/div>\n\t\t\t\t<\/div>\n\t\t\t\t\t<\/div>\n\t\t<\/div>\n\t\t\t\t\t<\/div>\n\t\t<\/section>\n\t\t\t\t<div class=\"elementor-element elementor-element-b07f549 elementor-widget elementor-widget-google_maps\" data-id=\"b07f549\" data-element_type=\"widget\" data-e-type=\"widget\" data-widget_type=\"google_maps.default\">\n\t\t\t\t<div class=\"elementor-widget-container\">\n\t\t\t\t\t\t\t<div class=\"elementor-custom-embed\">\n\t\t\t<iframe\n\t\t\t\t\tdata-src=\"https:\/\/maps.google.com\/maps?q=7208%20W%20Sand%20Lake%20Rd%20suite%20302%2C%20Orlando%2C%20FL%2032819&#038;t=m&#038;z=10&#038;output=embed&#038;iwloc=near\"\n\t\t\t\t\ttitle=\"7208 W Sand Lake Rd su\u00edte 302, Orlando, FL 32819\"\n\t\t\t\t\taria-label=\"7208 W Sand Lake Rd su\u00edte 302, Orlando, FL 32819\"\n\t\t\t src=\"data:image\/svg+xml;base64,PHN2ZyB3aWR0aD0iMSIgaGVpZ2h0PSIxIiB4bWxucz0iaHR0cDovL3d3dy53My5vcmcvMjAwMC9zdmciPjwvc3ZnPg==\" class=\"lazyload\" data-load-mode=\"1\"><\/iframe>\n\t\t<\/div>\n\t\t\t\t\t\t<\/div>\n\t\t\t\t<\/div>\n\t\t\t\t\t<\/div>\n\t\t<\/div>\n\t\t\t\t<div class=\"elementor-column elementor-col-50 elementor-top-column elementor-element elementor-element-1126804\" data-id=\"1126804\" data-element_type=\"column\" data-e-type=\"column\" data-settings=\"{&quot;background_background&quot;:&quot;classic&quot;}\">\n\t\t\t<div class=\"elementor-widget-wrap elementor-element-populated\">\n\t\t\t\t\t\t<div class=\"elementor-element elementor-element-ec7487c elementor-widget elementor-widget-html\" data-id=\"ec7487c\" data-element_type=\"widget\" data-e-type=\"widget\" data-widget_type=\"html.default\">\n\t\t\t\t<div class=\"elementor-widget-container\">\n\t\t\t\t\t<iframe\n  data-src=\"https:\/\/links.digivox.ai\/widget\/form\/6t0amYCawREfa3UuSejh\"\n  style=\"width:100%;height:100%;border:none;border-radius:3px\"\n  id=\"inline-6t0amYCawREfa3UuSejh\" \n  data-layout=\"{'id':'INLINE'}\"\n  data-trigger-type=\"alwaysShow\"\n  data-trigger-value=\"\"\n  data-activation-type=\"alwaysActivated\"\n  data-activation-value=\"\"\n  data-deactivation-type=\"neverDeactivate\"\n  data-deactivation-value=\"\"\n  data-form-name=\"Vitology Med Spa Main Intake Form\"\n  data-height=\"926\"\n  data-layout-iframe-id=\"inline-6t0amYCawREfa3UuSejh\"\n  data-form-id=\"6t0amYCawREfa3UuSejh\"\n  title=\"Formul\u00e1rio de admiss\u00e3o principal do Vitology Med Spa\"\n       src=\"data:image\/svg+xml;base64,PHN2ZyB3aWR0aD0iMSIgaGVpZ2h0PSIxIiB4bWxucz0iaHR0cDovL3d3dy53My5vcmcvMjAwMC9zdmciPjwvc3ZnPg==\" class=\"lazyload\" data-load-mode=\"1\">\n<\/iframe>\n<script src=\"https:\/\/links.digivox.ai\/js\/form_embed.js\"><\/script>\t\t\t\t<\/div>\n\t\t\t\t<\/div>\n\t\t\t\t\t<\/div>\n\t\t<\/div>\n\t\t\t\t\t<\/div>\n\t\t<\/section>\n\t\t\t\t<\/div>","protected":false},"excerpt":{"rendered":"<p>Contact Us Get in touch Vitology MedSpa\u2019s focus is to be able to transform your natural beauty into something fantastic and with the skills, knowledge, and experience that the team at Vitology possess. Email us Info@vitologymedspas.com Phone 321-321-5258 Address 7208 W Sand Lake Rd suite 302, Orlando, FL 32819 Opening Hours Monday &#8211; Saturday 10.00 [&hellip;]<\/p>\n","protected":false},"author":1,"featured_media":0,"parent":0,"menu_order":0,"comment_status":"closed","ping_status":"closed","template":"full-width.php","meta":{"_acf_changed":false,"footnotes":""},"class_list":["post-15","page","type-page","status-publish","hentry"],"acf":[],"yoast_head":"<!-- This site is optimized with the Yoast SEO Premium plugin v21.7 (Yoast SEO v27.4) - https:\/\/yoast.com\/product\/yoast-seo-premium-wordpress\/ -->\n<title>Get in Touch with Vitology MedSpa - Contact Us Today<\/title>\n<meta name=\"description\" content=\"Have questions or ready to schedule your beauty and wellness appointment? Contact Vitology MedSpa today. Our team is here to assist you on your journey to enhanced beauty and well-being.\" \/>\n<meta name=\"robots\" content=\"index, follow, max-snippet:-1, max-image-preview:large, max-video-preview:-1\" \/>\n<link rel=\"canonical\" href=\"https:\/\/vitologymedspas.com\/pt\/contact-us\/\" \/>\n<meta property=\"og:locale\" content=\"pt_PT\" \/>\n<meta property=\"og:type\" content=\"article\" \/>\n<meta property=\"og:title\" content=\"Contact Us\" \/>\n<meta property=\"og:description\" content=\"Have questions or ready to schedule your beauty and wellness appointment? Contact Vitology MedSpa today. Our team is here to assist you on your journey to enhanced beauty and well-being.\" \/>\n<meta property=\"og:url\" content=\"https:\/\/vitologymedspas.com\/pt\/contact-us\/\" \/>\n<meta property=\"og:site_name\" content=\"Vitology Med Spas\" \/>\n<meta property=\"article:publisher\" content=\"https:\/\/www.facebook.com\/vitologymedspa\/\" \/>\n<meta property=\"article:modified_time\" content=\"2024-10-05T17:21:14+00:00\" \/>\n<meta property=\"og:image\" content=\"https:\/\/vitologymedspas.com\/wp-content\/uploads\/2023\/06\/6411497f807f1537dc6b4444_logo_vitology.svg\" \/>\n<meta name=\"twitter:card\" content=\"summary_large_image\" \/>\n<meta name=\"twitter:label1\" content=\"Est. reading time\" \/>\n\t<meta name=\"twitter:data1\" content=\"1 minute\" \/>\n<script type=\"application\/ld+json\" class=\"yoast-schema-graph\">{\"@context\":\"https:\\\/\\\/schema.org\",\"@graph\":[{\"@type\":\"WebPage\",\"@id\":\"https:\\\/\\\/vitologymedspas.com\\\/contact-us\\\/\",\"url\":\"https:\\\/\\\/vitologymedspas.com\\\/contact-us\\\/\",\"name\":\"Get in Touch with Vitology MedSpa - Contact Us Today\",\"isPartOf\":{\"@id\":\"https:\\\/\\\/vitologymedspas.com\\\/#website\"},\"primaryImageOfPage\":{\"@id\":\"https:\\\/\\\/vitologymedspas.com\\\/contact-us\\\/#primaryimage\"},\"image\":{\"@id\":\"https:\\\/\\\/vitologymedspas.com\\\/contact-us\\\/#primaryimage\"},\"thumbnailUrl\":\"https:\\\/\\\/vitologymedspas.com\\\/wp-content\\\/uploads\\\/2023\\\/06\\\/6411497f807f1537dc6b4444_logo_vitology.svg\",\"datePublished\":\"2018-10-13T06:40:09+00:00\",\"dateModified\":\"2024-10-05T17:21:14+00:00\",\"description\":\"Have questions or ready to schedule your beauty and wellness appointment? Contact Vitology MedSpa today. Our team is here to assist you on your journey to enhanced beauty and well-being.\",\"breadcrumb\":{\"@id\":\"https:\\\/\\\/vitologymedspas.com\\\/contact-us\\\/#breadcrumb\"},\"inLanguage\":\"pt-PT\",\"potentialAction\":[{\"@type\":\"ReadAction\",\"target\":[\"https:\\\/\\\/vitologymedspas.com\\\/contact-us\\\/\"]}]},{\"@type\":\"ImageObject\",\"inLanguage\":\"pt-PT\",\"@id\":\"https:\\\/\\\/vitologymedspas.com\\\/contact-us\\\/#primaryimage\",\"url\":\"https:\\\/\\\/vitologymedspas.com\\\/wp-content\\\/uploads\\\/2023\\\/06\\\/6411497f807f1537dc6b4444_logo_vitology.svg\",\"contentUrl\":\"https:\\\/\\\/vitologymedspas.com\\\/wp-content\\\/uploads\\\/2023\\\/06\\\/6411497f807f1537dc6b4444_logo_vitology.svg\"},{\"@type\":\"BreadcrumbList\",\"@id\":\"https:\\\/\\\/vitologymedspas.com\\\/contact-us\\\/#breadcrumb\",\"itemListElement\":[{\"@type\":\"ListItem\",\"position\":1,\"name\":\"Home\",\"item\":\"https:\\\/\\\/vitologymedspas.com\\\/\"},{\"@type\":\"ListItem\",\"position\":2,\"name\":\"Contact Us\"}]},{\"@type\":\"WebSite\",\"@id\":\"https:\\\/\\\/vitologymedspas.com\\\/#website\",\"url\":\"https:\\\/\\\/vitologymedspas.com\\\/\",\"name\":\"vitologymedspas.com\",\"description\":\"At Vitology Med Spa we are dedicated to helping you be your best self and feel amazing with little to no downtime\",\"publisher\":{\"@id\":\"https:\\\/\\\/vitologymedspas.com\\\/#organization\"},\"alternateName\":\"VITOLOGY MED SPA\",\"potentialAction\":[{\"@type\":\"SearchAction\",\"target\":{\"@type\":\"EntryPoint\",\"urlTemplate\":\"https:\\\/\\\/vitologymedspas.com\\\/?s={search_term_string}\"},\"query-input\":{\"@type\":\"PropertyValueSpecification\",\"valueRequired\":true,\"valueName\":\"search_term_string\"}}],\"inLanguage\":\"pt-PT\"},{\"@type\":\"Organization\",\"@id\":\"https:\\\/\\\/vitologymedspas.com\\\/#organization\",\"name\":\"Vitology Med Spas\",\"alternateName\":\"VITOLOGY MED SPA\",\"url\":\"https:\\\/\\\/vitologymedspas.com\\\/\",\"logo\":{\"@type\":\"ImageObject\",\"inLanguage\":\"pt-PT\",\"@id\":\"https:\\\/\\\/vitologymedspas.com\\\/#\\\/schema\\\/logo\\\/image\\\/\",\"url\":\"https:\\\/\\\/vitologymedspas.com\\\/wp-content\\\/uploads\\\/2023\\\/06\\\/Screenshot-2023-06-30-at-12.56.19-AM-PhotoRoom.png-PhotoRoom.png\",\"contentUrl\":\"https:\\\/\\\/vitologymedspas.com\\\/wp-content\\\/uploads\\\/2023\\\/06\\\/Screenshot-2023-06-30-at-12.56.19-AM-PhotoRoom.png-PhotoRoom.png\",\"width\":350,\"height\":270,\"caption\":\"Vitology Med Spas\"},\"image\":{\"@id\":\"https:\\\/\\\/vitologymedspas.com\\\/#\\\/schema\\\/logo\\\/image\\\/\"},\"sameAs\":[\"https:\\\/\\\/www.facebook.com\\\/vitologymedspa\\\/\"]}]}<\/script>\n<!-- \/ Yoast SEO Premium plugin. -->","yoast_head_json":{"title":"Get in Touch with Vitology MedSpa - Contact Us Today","description":"Have questions or ready to schedule your beauty and wellness appointment? Contact Vitology MedSpa today. Our team is here to assist you on your journey to enhanced beauty and well-being.","robots":{"index":"index","follow":"follow","max-snippet":"max-snippet:-1","max-image-preview":"max-image-preview:large","max-video-preview":"max-video-preview:-1"},"canonical":"https:\/\/vitologymedspas.com\/pt\/contact-us\/","og_locale":"pt_PT","og_type":"article","og_title":"Contact Us","og_description":"Have questions or ready to schedule your beauty and wellness appointment? Contact Vitology MedSpa today. Our team is here to assist you on your journey to enhanced beauty and well-being.","og_url":"https:\/\/vitologymedspas.com\/pt\/contact-us\/","og_site_name":"Vitology Med Spas","article_publisher":"https:\/\/www.facebook.com\/vitologymedspa\/","article_modified_time":"2024-10-05T17:21:14+00:00","og_image":[{"url":"https:\/\/vitologymedspas.com\/wp-content\/uploads\/2023\/06\/6411497f807f1537dc6b4444_logo_vitology.svg","type":"","width":"","height":""}],"twitter_card":"summary_large_image","twitter_misc":{"Est. reading time":"1 minute"},"schema":{"@context":"https:\/\/schema.org","@graph":[{"@type":"WebPage","@id":"https:\/\/vitologymedspas.com\/contact-us\/","url":"https:\/\/vitologymedspas.com\/contact-us\/","name":"Get in Touch with Vitology MedSpa - Contact Us Today","isPartOf":{"@id":"https:\/\/vitologymedspas.com\/#website"},"primaryImageOfPage":{"@id":"https:\/\/vitologymedspas.com\/contact-us\/#primaryimage"},"image":{"@id":"https:\/\/vitologymedspas.com\/contact-us\/#primaryimage"},"thumbnailUrl":"https:\/\/vitologymedspas.com\/wp-content\/uploads\/2023\/06\/6411497f807f1537dc6b4444_logo_vitology.svg","datePublished":"2018-10-13T06:40:09+00:00","dateModified":"2024-10-05T17:21:14+00:00","description":"Have questions or ready to schedule your beauty and wellness appointment? Contact Vitology MedSpa today. Our team is here to assist you on your journey to enhanced beauty and well-being.","breadcrumb":{"@id":"https:\/\/vitologymedspas.com\/contact-us\/#breadcrumb"},"inLanguage":"pt-PT","potentialAction":[{"@type":"ReadAction","target":["https:\/\/vitologymedspas.com\/contact-us\/"]}]},{"@type":"ImageObject","inLanguage":"pt-PT","@id":"https:\/\/vitologymedspas.com\/contact-us\/#primaryimage","url":"https:\/\/vitologymedspas.com\/wp-content\/uploads\/2023\/06\/6411497f807f1537dc6b4444_logo_vitology.svg","contentUrl":"https:\/\/vitologymedspas.com\/wp-content\/uploads\/2023\/06\/6411497f807f1537dc6b4444_logo_vitology.svg"},{"@type":"BreadcrumbList","@id":"https:\/\/vitologymedspas.com\/contact-us\/#breadcrumb","itemListElement":[{"@type":"ListItem","position":1,"name":"Home","item":"https:\/\/vitologymedspas.com\/"},{"@type":"ListItem","position":2,"name":"Contact Us"}]},{"@type":"WebSite","@id":"https:\/\/vitologymedspas.com\/#website","url":"https:\/\/vitologymedspas.com\/","name":"vitologymedspas.com","description":"No Vitology Med Spa nos dedicamos a ajud\u00e1-lo a dar o melhor de si e a se sentir incr\u00edvel com pouco ou nenhum tempo de inatividade","publisher":{"@id":"https:\/\/vitologymedspas.com\/#organization"},"alternateName":"VITOLOGY MED SPA","potentialAction":[{"@type":"SearchAction","target":{"@type":"EntryPoint","urlTemplate":"https:\/\/vitologymedspas.com\/?s={search_term_string}"},"query-input":{"@type":"PropertyValueSpecification","valueRequired":true,"valueName":"search_term_string"}}],"inLanguage":"pt-PT"},{"@type":"Organization","@id":"https:\/\/vitologymedspas.com\/#organization","name":"Vitologia Med Spas","alternateName":"VITOLOGY MED SPA","url":"https:\/\/vitologymedspas.com\/","logo":{"@type":"ImageObject","inLanguage":"pt-PT","@id":"https:\/\/vitologymedspas.com\/#\/schema\/logo\/image\/","url":"https:\/\/vitologymedspas.com\/wp-content\/uploads\/2023\/06\/Screenshot-2023-06-30-at-12.56.19-AM-PhotoRoom.png-PhotoRoom.png","contentUrl":"https:\/\/vitologymedspas.com\/wp-content\/uploads\/2023\/06\/Screenshot-2023-06-30-at-12.56.19-AM-PhotoRoom.png-PhotoRoom.png","width":350,"height":270,"caption":"Vitology Med Spas"},"image":{"@id":"https:\/\/vitologymedspas.com\/#\/schema\/logo\/image\/"},"sameAs":["https:\/\/www.facebook.com\/vitologymedspa\/"]}]}},"_links":{"self":[{"href":"https:\/\/vitologymedspas.com\/pt\/wp-json\/wp\/v2\/pages\/15","targetHints":{"allow":["GET"]}}],"collection":[{"href":"https:\/\/vitologymedspas.com\/pt\/wp-json\/wp\/v2\/pages"}],"about":[{"href":"https:\/\/vitologymedspas.com\/pt\/wp-json\/wp\/v2\/types\/page"}],"author":[{"embeddable":true,"href":"https:\/\/vitologymedspas.com\/pt\/wp-json\/wp\/v2\/users\/1"}],"replies":[{"embeddable":true,"href":"https:\/\/vitologymedspas.com\/pt\/wp-json\/wp\/v2\/comments?post=15"}],"version-history":[{"count":70,"href":"https:\/\/vitologymedspas.com\/pt\/wp-json\/wp\/v2\/pages\/15\/revisions"}],"predecessor-version":[{"id":4274,"href":"https:\/\/vitologymedspas.com\/pt\/wp-json\/wp\/v2\/pages\/15\/revisions\/4274"}],"wp:attachment":[{"href":"https:\/\/vitologymedspas.com\/pt\/wp-json\/wp\/v2\/media?parent=15"}],"curies":[{"name":"wp","href":"https:\/\/api.w.org\/{rel}","templated":true}]}}